{"id":257,"date":"2022-10-11T16:47:57","date_gmt":"2022-10-11T14:47:57","guid":{"rendered":"https:\/\/ecumm.fr\/?page_id=257"},"modified":"2022-10-11T17:17:30","modified_gmt":"2022-10-11T15:17:30","slug":"mastermind-le-cercle-vertueux","status":"publish","type":"page","link":"https:\/\/ecumm.fr\/index.php\/mastermind-le-cercle-vertueux\/","title":{"rendered":"Mastermind le Cercle Vertueux"},"content":{"rendered":"<p>[et_pb_section fb_built=\u00a0\u00bb1&Prime; _builder_version=\u00a0\u00bb4.18.0&Prime; _module_preset=\u00a0\u00bbdefault\u00a0\u00bb global_colors_info=\u00a0\u00bb{}\u00a0\u00bb][et_pb_row _builder_version=\u00a0\u00bb4.18.0&Prime; _module_preset=\u00a0\u00bbdefault\u00a0\u00bb global_colors_info=\u00a0\u00bb{}\u00a0\u00bb][et_pb_column type=\u00a0\u00bb4_4&Prime; _builder_version=\u00a0\u00bb4.18.0&Prime; _module_preset=\u00a0\u00bbdefault\u00a0\u00bb global_colors_info=\u00a0\u00bb{}\u00a0\u00bb][et_pb_text _builder_version=\u00a0\u00bb4.18.0&Prime; _module_preset=\u00a0\u00bbdefault\u00a0\u00bb global_colors_info=\u00a0\u00bb{}\u00a0\u00bb]<\/p>\n<p>Mastermind le cercle vertueux<\/p>\n<p>[\/et_pb_text][\/et_pb_column][\/et_pb_row][et_pb_row _builder_version=\u00a0\u00bb4.18.0&Prime; _module_preset=\u00a0\u00bbdefault\u00a0\u00bb global_colors_info=\u00a0\u00bb{}\u00a0\u00bb][et_pb_column type=\u00a0\u00bb4_4&Prime; _builder_version=\u00a0\u00bb4.18.0&Prime; _module_preset=\u00a0\u00bbdefault\u00a0\u00bb global_colors_info=\u00a0\u00bb{}\u00a0\u00bb][et_pb_text _builder_version=\u00a0\u00bb4.18.0&Prime; _module_preset=\u00a0\u00bbdefault\u00a0\u00bb hover_enabled=\u00a0\u00bb0&Prime; global_colors_info=\u00a0\u00bb{}\u00a0\u00bb sticky_enabled=\u00a0\u00bb0&Prime;]<\/p>\n<p>A l\u2019heure ou de plus en plus de fran\u00e7ais se lancent dans l\u2019aventure de l\u2019entreprenariat, de v\u00e9ritables besoins sont au rendez-vous pour ces ind\u00e9pendants, entrepreneurs, entrepreneuses qui sont seuls.es \u00e0 g\u00e9rer leur structure.<\/p>\n<p>Quelques chiffres :<\/p>\n<p>\u2022 848 200 cr\u00e9ations, soit 4 % de plus qu&rsquo;en 2019, et ce malgr\u00e9 la crise sanitaire li\u00e9e \u00e0 la pand\u00e9mie de Covid-19 (INSEE)<br \/>\u2022 Cette hausse est de nouveau port\u00e9e par les immatriculations d\u2019entreprises individuelles sous le r\u00e9gime du micro-entrepreneur (+ 9 %)<br \/>\u2022 Pr\u00e8s d\u2019un fran\u00e7ais sur deux (45%) envisage de cr\u00e9er son activit\u00e9 (BNP PARISBAS\/OPNIONWAY)<\/p>\n<p>&nbsp;<\/p>\n<p>Le m\u00e9tier d\u2019un dirigeant dans une petite structure est complexe, il doit \u00e0 la fois \u00eatre bon dans son domaine d\u2019activit\u00e9, mais aussi g\u00e9rer les ventes, les relations avec les clients, la communication, le marketing, les finances, l\u2019administratif, la strat\u00e9gie\u2026bref il est v\u00e9ritablement un homme-orchestre ! <br \/>L\u2019une de ses plus grosses probl\u00e9matiques est sans doute de ne pas prendre assez de recul sur toutes ces actions et de conna\u00eetre le syndrome du \u00ab nez dans le guidon \u00bb. Un syndrome qui peut conduire \u00e0 une fin que beaucoup redoutent, m\u00eame parfois alors que l\u2019entreprise progresse.<br \/>Certaines structures peuvent conna\u00eetre un manque de connaissance de la client\u00e8le, des difficult\u00e9s dans la communication, un mod\u00e8le \u00e9conomique ou un business plan peu viable, une mauvaise anticipation et adaptation aux changements ou \u00e0 la concurrence, une absence totale de comp\u00e9tence du digital\u2026Mais comment s\u2019y prendre concr\u00e8tement ? Prendre des conseils ou d\u00e9l\u00e9guer dans tous les domaines que l\u2019on ne ma\u00eetrise pas peut vite couter tr\u00e8s cher et m\u00eame si cela peut s\u2019av\u00e9rer utile et rentable, certains entrepreneurs ne peuvent pas se le permettre faute de budget !<\/p>\n<p>Fort de tous ces constats et du besoin r\u00e9el de ces entrepreneurs de sortir de l\u2019isolement (TPE en premi\u00e8re ligne), un entrepreneur sp\u00e9cialis\u00e9 dans le conseil, la formation et l\u2019accompagnement de ces structures, Damien VALLI a d\u00e9cid\u00e9, apr\u00e8s avoir d\u00e9couvert le concept aux Etats-Unis et avoir eu de vrais r\u00e9sultats pour les participants de ses propres groupes, de mettre en place un groupe MASTERMIND pour dirigeant dans chaque d\u00e9partement en France. L\u2019animation de chaque groupe sera faite par un sp\u00e9cialiste de l\u2019accompagnement qui a \u00e9t\u00e9 s\u00e9lectionn\u00e9 m\u00e9ticuleusement par l\u2019\u00e9quipe du Cercle Vertueux.<\/p>\n<p>Le principe n\u2019est pas de proposer un groupe de plus pour augmenter son r\u00e9seau et sa collection de carte de visite. Dans le cadre d\u2019un MASTERMIND, tout est bas\u00e9 sur l\u2019intelligence collective et les \u00e9changes !<\/p>\n<p>\u00ab Le but est de r\u00e9fl\u00e9chir sur nos fa\u00e7ons de faire pour progresser gr\u00e2ce \u00e0 l\u2019exp\u00e9rience, l\u2019expertise et la dynamique d\u2019un groupe d\u2019entrepreneurs motiv\u00e9s, ambitieux et bienveillants. <br \/>Tous les mois, une rencontre a lieu, souvent sur une journ\u00e9e enti\u00e8re. Le but est de partager nos probl\u00e9matiques et d\u2019avoir des retours, r\u00e9ponses, id\u00e9es pour y faire face ! Qui mieux qu\u2019un autre entrepreneur peut comprendre et donner des id\u00e9es concr\u00e8tes ? \u00bb Benoit C., membre du MASTERMIND \u00ab LE CERCLE VERTUEUX \u00bb depuis 9 mois.<\/p>\n<p>Avec le MASTERMIND LE CERCLE VERTUEUX, les ind\u00e9pendants ont un comit\u00e9 de direction ou un conseil d\u2019administration \u00e0 leur disposition !<\/p>\n<blockquote class=\"wp-embedded-content\" data-secret=\"8jt4wS5jCW\"><p><a href=\"http:\/\/le-cercle-vertueux.com\/\" target=\"_blank\" rel=\"noopener\">Accueil<\/a><\/p><\/blockquote>\n<p><iframe class=\"wp-embedded-content\" sandbox=\"allow-scripts\" security=\"restricted\" style=\"position: absolute; clip: rect(1px, 1px, 1px, 1px);\" title=\"\u00ab\u00a0Accueil\u00a0\u00bb &#8212; CVS\" src=\"http:\/\/le-cercle-vertueux.com\/embed#?secret=ZM95Np1qvt#?secret=8jt4wS5jCW\" data-secret=\"8jt4wS5jCW\" width=\"600\" height=\"338\" frameborder=\"0\" marginwidth=\"0\" marginheight=\"0\" scrolling=\"no\"><\/iframe><\/p>\n<p>&nbsp;<\/p>\n<p><a href=\"https:\/\/vimeo.com\/668230466\/e547c1b82f?embedded=true&amp;source=vimeo_logo&amp;owner=52919677\" target=\"_blank\" rel=\"noopener\">Mastermind Le Cercle Vertueux (vimeo.com)<\/a><\/p>\n<p>[\/et_pb_text][\/et_pb_column][\/et_pb_row][\/et_pb_section]<\/p>\n","protected":false},"excerpt":{"rendered":"<p>Mastermind le cercle vertueuxA l\u2019heure ou de plus en plus de fran\u00e7ais se lancent dans l\u2019aventure de l\u2019entreprenariat, de v\u00e9ritables besoins sont au rendez-vous pour ces ind\u00e9pendants, entrepreneurs, entrepreneuses qui sont seuls.es \u00e0 g\u00e9rer leur structure. Quelques chiffres : \u2022 848 200 cr\u00e9ations, soit 4 % de plus qu&rsquo;en 2019, et ce malgr\u00e9 la crise [&hellip;]<\/p>\n","protected":false},"author":1,"featured_media":0,"parent":0,"menu_order":0,"comment_status":"closed","ping_status":"closed","template":"","meta":{"_et_pb_use_builder":"on","_et_pb_old_content":"","_et_gb_content_width":"","footnotes":""},"class_list":["post-257","page","type-page","status-publish","hentry"],"_links":{"self":[{"href":"https:\/\/ecumm.fr\/index.php\/wp-json\/wp\/v2\/pages\/257","targetHints":{"allow":["GET"]}}],"collection":[{"href":"https:\/\/ecumm.fr\/index.php\/wp-json\/wp\/v2\/pages"}],"about":[{"href":"https:\/\/ecumm.fr\/index.php\/wp-json\/wp\/v2\/types\/page"}],"author":[{"embeddable":true,"href":"https:\/\/ecumm.fr\/index.php\/wp-json\/wp\/v2\/users\/1"}],"replies":[{"embeddable":true,"href":"https:\/\/ecumm.fr\/index.php\/wp-json\/wp\/v2\/comments?post=257"}],"version-history":[{"count":6,"href":"https:\/\/ecumm.fr\/index.php\/wp-json\/wp\/v2\/pages\/257\/revisions"}],"predecessor-version":[{"id":272,"href":"https:\/\/ecumm.fr\/index.php\/wp-json\/wp\/v2\/pages\/257\/revisions\/272"}],"wp:attachment":[{"href":"https:\/\/ecumm.fr\/index.php\/wp-json\/wp\/v2\/media?parent=257"}],"curies":[{"name":"wp","href":"https:\/\/api.w.org\/{rel}","templated":true}]}}