{"id":99,"date":"2022-10-10T13:00:30","date_gmt":"2022-10-10T11:00:30","guid":{"rendered":"https:\/\/ecumm.fr\/?page_id=99"},"modified":"2024-10-11T12:38:23","modified_gmt":"2024-10-11T10:38:23","slug":"particuliers","status":"publish","type":"page","link":"https:\/\/ecumm.fr\/index.php\/particuliers\/","title":{"rendered":"Particuliers"},"content":{"rendered":"<p>[et_pb_section fb_built=\u00a0\u00bb1&Prime; _builder_version=\u00a0\u00bb4.18.0&Prime; _module_preset=\u00a0\u00bbdefault\u00a0\u00bb background_image=\u00a0\u00bbhttp:\/\/ecumm.fr\/wp-content\/uploads\/2022\/10\/montagne.jpg\u00a0\u00bb global_colors_info=\u00a0\u00bb{}\u00a0\u00bb][et_pb_row _builder_version=\u00a0\u00bb4.18.0&Prime; _module_preset=\u00a0\u00bbdefault\u00a0\u00bb background_color=\u00a0\u00bbrgba(197,247,245,0.67)\u00a0\u00bb global_colors_info=\u00a0\u00bb{}\u00a0\u00bb][et_pb_column type=\u00a0\u00bb4_4&Prime; _builder_version=\u00a0\u00bb4.18.0&Prime; _module_preset=\u00a0\u00bbdefault\u00a0\u00bb global_colors_info=\u00a0\u00bb{}\u00a0\u00bb][et_pb_text _builder_version=\u00a0\u00bb4.18.0&Prime; _module_preset=\u00a0\u00bbdefault\u00a0\u00bb header_font=\u00a0\u00bb|||on|||||\u00a0\u00bb header_text_align=\u00a0\u00bbcenter\u00a0\u00bb header_text_color=\u00a0\u00bb#0C71C3&Prime; header_font_size=\u00a0\u00bb64px\u00a0\u00bb global_colors_info=\u00a0\u00bb{}\u00a0\u00bb]<\/p>\n<h1 style=\"text-align: center;\">Particuliers<\/h1>\n<p>[\/et_pb_text][\/et_pb_column][\/et_pb_row][\/et_pb_section][et_pb_section fb_built=\u00a0\u00bb1&Prime; _builder_version=\u00a0\u00bb4.18.0&Prime; _module_preset=\u00a0\u00bbdefault\u00a0\u00bb global_colors_info=\u00a0\u00bb{}\u00a0\u00bb][et_pb_row column_structure=\u00a0\u00bb1_3,1_3,1_3&Prime; _builder_version=\u00a0\u00bb4.18.0&Prime; _module_preset=\u00a0\u00bbdefault\u00a0\u00bb global_colors_info=\u00a0\u00bb{}\u00a0\u00bb][et_pb_column type=\u00a0\u00bb1_3&Prime; _builder_version=\u00a0\u00bb4.18.0&Prime; _module_preset=\u00a0\u00bbdefault\u00a0\u00bb global_colors_info=\u00a0\u00bb{}\u00a0\u00bb][et_pb_blurb title=\u00a0\u00bbCoaching de vie et de transition\u00a0\u00bb image=\u00a0\u00bbhttp:\/\/ecumm.fr\/wp-content\/uploads\/2022\/10\/pexels-kaique-rocha-57643-scaled.jpg\u00a0\u00bb _builder_version=\u00a0\u00bb4.18.0&Prime; _module_preset=\u00a0\u00bbdefault\u00a0\u00bb header_level=\u00a0\u00bbh2&Prime; global_colors_info=\u00a0\u00bb{}\u00a0\u00bb]<\/p>\n<p>Vous souhaitez vous \u00e9panouir dans votre vie.<\/p>\n<p>Vous abordez une transition ou la souhaitez.<\/p>\n<p>Vous avez un projet, un r\u00eave que vous souhaitez r\u00e9aliser.<\/p>\n<p>Vous vous retrouvez toujours dans la m\u00eame situation et souhaitez sortir de sch\u00e9mas r\u00e9p\u00e9titifs.<\/p>\n<p>Vous abordez un moment de transition important: crise de la quarantaine, d\u00e9part \u00e0 la retraite et cela vous angoisse.<\/p>\n<p>Vous \u00eates perp\u00e9tuellement stress\u00e9.e et souhaitez reprendre les rennes de votre vie.<\/p>\n<p>&nbsp;<\/p>\n<p>&#8211;&gt; le Coaching est un accompagnement qui permet de faire appel \u00e0 vos forces internes pour vous \u00e9clairer, vous permettre de comprendre vos ressorts, vos ressources, les possibilit\u00e9s qui s&rsquo;offrent \u00e0 vous. Le coaching permet de vous donner les moyens n\u00e9cessaires \u00e0 votre \u00e9panouissement.<\/p>\n<p>&nbsp;<\/p>\n<p>&nbsp;<\/p>\n<p>[\/et_pb_blurb][et_pb_button button_url=\u00a0\u00bbhttps:\/\/calendly.com\/isaforestier27\/diagnostic-gratuit-individuel\u00a0\u00bb button_text=\u00a0\u00bbPrendre rendez-vous pour un diagnostic gratuit de 30 minutes \u00a0\u00bb button_alignment=\u00a0\u00bbcenter\u00a0\u00bb _builder_version=\u00a0\u00bb4.18.0&Prime; _module_preset=\u00a0\u00bbdefault\u00a0\u00bb box_shadow_style=\u00a0\u00bbpreset1&Prime; box_shadow_horizontal=\u00a0\u00bb-2px\u00a0\u00bb box_shadow_color=\u00a0\u00bb#0C71C3&Prime; global_colors_info=\u00a0\u00bb{}\u00a0\u00bb][\/et_pb_button][\/et_pb_column][et_pb_column type=\u00a0\u00bb1_3&Prime; _builder_version=\u00a0\u00bb4.18.0&Prime; _module_preset=\u00a0\u00bbdefault\u00a0\u00bb global_colors_info=\u00a0\u00bb{}\u00a0\u00bb][et_pb_blurb title=\u00a0\u00bbCoaching scolaire\/orientation\u00a0\u00bb image=\u00a0\u00bbhttp:\/\/ecumm.fr\/wp-content\/uploads\/2022\/10\/pexels-george-pak-7972506-scaled.jpg\u00a0\u00bb _builder_version=\u00a0\u00bb4.18.0&Prime; _module_preset=\u00a0\u00bbdefault\u00a0\u00bb header_level=\u00a0\u00bbh2&Prime; global_colors_info=\u00a0\u00bb{}\u00a0\u00bb]<\/p>\n<p>&nbsp;<\/p>\n<p>Destin\u00e9s aux jeunes de 12 \u00e0 25 ans.<\/p>\n<p>Vous avez besoin d&rsquo;y voir clair dans l&rsquo;orientation solaire que vous souhaitez prendre.<\/p>\n<p>Retrouver du sens dans la construction de votre parcours d&rsquo;\u00e9tude.<\/p>\n<p>Retrouver et d\u00e9velopper la confiance en soi.<\/p>\n<p>Comprendre vos ressorts et motivation pour vous construire la vie que vous souhaitez.<\/p>\n<p>Membre du r\u00e9seau Eur\u00e9ka Coaching sp\u00e9cialis\u00e9 dans le coaching scolaire.<\/p>\n<p>&nbsp;<\/p>\n<p>[\/et_pb_blurb][et_pb_button button_url=\u00a0\u00bbhttps:\/\/calendly.com\/isaforestier27\/diagnostic-gratuit-individuel\u00a0\u00bb button_text=\u00a0\u00bbPrendre rendez-vous pour un diagnostic gratuit de 30 minutes \u00a0\u00bb button_alignment=\u00a0\u00bbcenter\u00a0\u00bb _builder_version=\u00a0\u00bb4.18.0&Prime; _module_preset=\u00a0\u00bbdefault\u00a0\u00bb box_shadow_style=\u00a0\u00bbpreset1&Prime; box_shadow_horizontal=\u00a0\u00bb-2px\u00a0\u00bb box_shadow_color=\u00a0\u00bb#0C71C3&Prime; global_colors_info=\u00a0\u00bb{}\u00a0\u00bb][\/et_pb_button][\/et_pb_column][et_pb_column type=\u00a0\u00bb1_3&Prime; _builder_version=\u00a0\u00bb4.18.0&Prime; _module_preset=\u00a0\u00bbdefault\u00a0\u00bb global_colors_info=\u00a0\u00bb{}\u00a0\u00bb][et_pb_blurb title=\u00a0\u00bbSoin psychocorporel\u00a0\u00bb image=\u00a0\u00bbhttp:\/\/ecumm.fr\/wp-content\/uploads\/2022\/10\/pexels-antoni-shkraba-7579309-scaled.jpg\u00a0\u00bb _builder_version=\u00a0\u00bb4.18.0&Prime; _module_preset=\u00a0\u00bbdefault\u00a0\u00bb header_level=\u00a0\u00bbh2&Prime; global_colors_info=\u00a0\u00bb{}\u00a0\u00bb]<\/p>\n<p>Vous vous surprenez vous-m\u00eame dans vos r\u00e9actions face \u00e0 certains \u00e9v\u00e8nements et vous souhaitez vous retrouver dans vos r\u00e9actions.<\/p>\n<p>Vous souhaitez vous lib\u00e9rer de l&#8217;empreinte que certains \u00e9v\u00e8nements ont laiss\u00e9 en vous.<\/p>\n<p>&nbsp;<\/p>\n<p>Le soin psychocorporel issu des recherches en neurosciences vous permet de lib\u00e9rer votre corps de m\u00e9moires erron\u00e9es.<\/p>\n<p><a href=\"https:\/\/ecumm.fr\/index.php\/2023\/01\/12\/en-savoir-plus-sur-les-therapies-psyco-corporelles\/\">En savoir plus<\/a><\/p>\n<p>&nbsp;<\/p>\n<p>[\/et_pb_blurb][et_pb_button button_url=\u00a0\u00bbhttps:\/\/calendly.com\/isaforestier27\/diagnostic-gratuit-individuel\u00a0\u00bb button_text=\u00a0\u00bbPrendre rendez-vous pour un diagnostic gratuit de 30 minutes \u00a0\u00bb button_alignment=\u00a0\u00bbcenter\u00a0\u00bb _builder_version=\u00a0\u00bb4.18.0&Prime; _module_preset=\u00a0\u00bbdefault\u00a0\u00bb box_shadow_style=\u00a0\u00bbpreset1&Prime; box_shadow_horizontal=\u00a0\u00bb-2px\u00a0\u00bb box_shadow_color=\u00a0\u00bb#0C71C3&Prime; global_colors_info=\u00a0\u00bb{}\u00a0\u00bb][\/et_pb_button][\/et_pb_column][\/et_pb_row][\/et_pb_section][et_pb_section fb_built=\u00a0\u00bb1&Prime; _builder_version=\u00a0\u00bb4.18.0&Prime; _module_preset=\u00a0\u00bbdefault\u00a0\u00bb background_image=\u00a0\u00bbhttp:\/\/ecumm.fr\/wp-content\/uploads\/2022\/10\/badeau-Isa-scaled.jpg\u00a0\u00bb box_shadow_style=\u00a0\u00bbpreset1&Prime; box_shadow_color=\u00a0\u00bb#0C71C3&Prime; global_colors_info=\u00a0\u00bb{}\u00a0\u00bb][\/et_pb_section]<\/p>\n","protected":false},"excerpt":{"rendered":"<p>ParticuliersVous souhaitez vous \u00e9panouir dans votre vie. Vous abordez une transition ou la souhaitez. Vous avez un projet, un r\u00eave que vous souhaitez r\u00e9aliser. Vous vous retrouvez toujours dans la m\u00eame situation et souhaitez sortir de sch\u00e9mas r\u00e9p\u00e9titifs. Vous abordez un moment de transition important: crise de la quarantaine, d\u00e9part \u00e0 la retraite et cela [&hellip;]<\/p>\n","protected":false},"author":1,"featured_media":0,"parent":0,"menu_order":0,"comment_status":"closed","ping_status":"closed","template":"","meta":{"_et_pb_use_builder":"on","_et_pb_old_content":"","_et_gb_content_width":"","footnotes":""},"class_list":["post-99","page","type-page","status-publish","hentry"],"_links":{"self":[{"href":"https:\/\/ecumm.fr\/index.php\/wp-json\/wp\/v2\/pages\/99","targetHints":{"allow":["GET"]}}],"collection":[{"href":"https:\/\/ecumm.fr\/index.php\/wp-json\/wp\/v2\/pages"}],"about":[{"href":"https:\/\/ecumm.fr\/index.php\/wp-json\/wp\/v2\/types\/page"}],"author":[{"embeddable":true,"href":"https:\/\/ecumm.fr\/index.php\/wp-json\/wp\/v2\/users\/1"}],"replies":[{"embeddable":true,"href":"https:\/\/ecumm.fr\/index.php\/wp-json\/wp\/v2\/comments?post=99"}],"version-history":[{"count":23,"href":"https:\/\/ecumm.fr\/index.php\/wp-json\/wp\/v2\/pages\/99\/revisions"}],"predecessor-version":[{"id":444,"href":"https:\/\/ecumm.fr\/index.php\/wp-json\/wp\/v2\/pages\/99\/revisions\/444"}],"wp:attachment":[{"href":"https:\/\/ecumm.fr\/index.php\/wp-json\/wp\/v2\/media?parent=99"}],"curies":[{"name":"wp","href":"https:\/\/api.w.org\/{rel}","templated":true}]}}